{"id":1460,"date":"2023-12-18T22:09:15","date_gmt":"2023-12-19T06:09:15","guid":{"rendered":"https:\/\/eleader.online\/ini\/?page_id=1460"},"modified":"2023-12-18T22:17:34","modified_gmt":"2023-12-19T06:17:34","slug":"servicios-empresariales","status":"publish","type":"page","link":"https:\/\/eleader.online\/ini\/servicios-empresariales\/","title":{"rendered":"Servicios Empresariales"},"content":{"rendered":"<div id=\"pl-1460\"  class=\"panel-layout\" ><div id=\"pg-1460-0\"  class=\"panel-grid panel-has-style\" ><div class=\"siteorigin-panels-stretch panel-row-style panel-row-style-for-1460-0\" data-stretch-type=\"full-stretched\" ><div id=\"pgc-1460-0-0\"  class=\"panel-grid-cell\" ><div id=\"panel-1460-0-0-0\" class=\"so-panel widget widget_sow-hero panel-first-child panel-last-child\" data-index=\"0\" ><div\n\t\t\t\n\t\t\tclass=\"so-widget-sow-hero so-widget-sow-hero-default-bfff874009b6-1460 so-widget-fittext-wrapper\"\n\t\t\t data-fit-text-compressor=\"0.85\"\n\t\t>\t\t\t\t<div class=\"sow-slider-base\" style=\"display: none\" tabindex=\"0\">\n\t\t\t\t\t<ul\n\t\t\t\t\tclass=\"sow-slider-images\"\n\t\t\t\t\tdata-settings=\"{&quot;pagination&quot;:true,&quot;speed&quot;:800,&quot;timeout&quot;:8000,&quot;paused&quot;:false,&quot;pause_on_hover&quot;:false,&quot;swipe&quot;:true,&quot;nav_always_show_desktop&quot;:&quot;&quot;,&quot;nav_always_show_mobile&quot;:&quot;&quot;,&quot;breakpoint&quot;:&quot;780px&quot;,&quot;unmute&quot;:false,&quot;anchor&quot;:null}\"\n\t\t\t\t\tstyle=\"min-height: 455px\"\t\t\t\t\tdata-anchor-id=\"\"\n\t\t\t\t>\t\t<li class=\"sow-slider-image  sow-slider-image-cover\" style=\"visibility: visible;;background-color: #333333\" >\n\t\t\t\t\t<div class=\"sow-slider-image-container\">\n\t\t\t<div class=\"sow-slider-image-wrapper\">\n\t\t\t\t<h1 style=\"text-align: center\">Soluciones Integrales<\/h1>\n\t\t\t<\/div>\n\t\t<\/div>\n\t\t<div class=\"sow-slider-image-overlay sow-slider-image-cover\" style=\"opacity: 0.6;background-image: url(https:\/\/layouts.siteorigin.com\/wp-content\/uploads\/2015\/11\/write-593333_1920.jpg)\"  ><\/div>\t\t<\/li>\n\t\t<\/ul>\t\t\t\t<ol class=\"sow-slider-pagination\">\n\t\t\t\t\t\t\t\t\t\t\t<li><a href=\"#\" data-goto=\"0\" aria-label=\"mostrar diapositiva 1\"><\/a><\/li>\n\t\t\t\t\t\t\t\t\t<\/ol>\n\n\t\t\t\t<div class=\"sow-slide-nav sow-slide-nav-next\">\n\t\t\t\t\t<a href=\"#\" data-goto=\"next\" aria-label=\"diapositiva siguiente\" data-action=\"next\">\n\t\t\t\t\t\t<em class=\"sow-sld-icon-thin-right\"><\/em>\n\t\t\t\t\t<\/a>\n\t\t\t\t<\/div>\n\n\t\t\t\t<div class=\"sow-slide-nav sow-slide-nav-prev\">\n\t\t\t\t\t<a href=\"#\" data-goto=\"previous\" aria-label=\"diapositiva anterior\" data-action=\"prev\">\n\t\t\t\t\t\t<em class=\"sow-sld-icon-thin-left\"><\/em>\n\t\t\t\t\t<\/a>\n\t\t\t\t<\/div>\n\t\t\t\t<\/div><\/div><\/div><\/div><\/div><\/div><div id=\"pg-1460-1\"  class=\"panel-grid panel-has-style\" ><div style=\"background-position: center top; \" class=\"panel-row-style panel-row-style-for-1460-1\" ><div id=\"pgc-1460-1-0\"  class=\"panel-grid-cell\" ><div id=\"panel-1460-1-0-0\" class=\"so-panel widget widget_sow-headline panel-first-child\" data-index=\"1\" ><div\n\t\t\t\n\t\t\tclass=\"so-widget-sow-headline so-widget-sow-headline-default-d9ab2a71bee0-1460\"\n\t\t\t\n\t\t><div class=\"sow-headline-container \">\n\t\t\t\t\t\t\t<h2 class=\"sow-headline\">\n\t\t\t\t\t\tConsultor\u00eda y Coaching\t\t\t\t\t\t<\/h2>\n\t\t\t\t\t\t\t\t\t\t\t\t<h3 class=\"sow-sub-headline\">\n\t\t\t\t\t\tSoluciones a la medida\t\t\t\t\t\t<\/h3>\n\t\t\t\t\t\t<\/div>\n<\/div><\/div><div id=\"panel-1460-1-0-1\" class=\"so-panel widget widget_sow-editor\" data-index=\"2\" ><div\n\t\t\t\n\t\t\tclass=\"so-widget-sow-editor so-widget-sow-editor-base\"\n\t\t\t\n\t\t>\n<div class=\"siteorigin-widget-tinymce textwidget\">\n\t<div class=\"flex flex-grow flex-col max-w-full\">\n<div class=\"min-h-[20px] text-message flex flex-col items-start gap-3 whitespace-pre-wrap break-words [.text-message+&amp;]:mt-5 overflow-x-auto\" data-message-author-role=\"assistant\" data-message-id=\"4cab7ea1-9b94-49b5-b740-95e3a2239583\">\n<div class=\"markdown prose w-full break-words dark:prose-invert light\"><span style=\"font-family: helvetica;\"><strong>Nuestros Servicios<\/strong><\/span><\/p>\n<h4><span style=\"font-family: helvetica;\"><strong>1. Consultor\u00eda Organizacional<\/strong><\/span><\/h4>\n<ul>\n<li><span style=\"font-family: helvetica;\">An\u00e1lisis de estructuras y procesos.<\/span><\/li>\n<li><span style=\"font-family: helvetica;\">Estrategias de mejora de la eficiencia.<\/span><\/li>\n<li><span style=\"font-family: helvetica;\">Desarrollo de culturas organizacionales s\u00f3lidas.<\/span><\/li>\n<\/ul>\n<h4><span style=\"font-family: helvetica;\"><strong>2. Coaching Ejecutivo<\/strong><\/span><\/h4>\n<ul>\n<li><span style=\"font-family: helvetica;\">Acompa\u00f1amiento personalizado para l\u00edderes.<\/span><\/li>\n<li><span style=\"font-family: helvetica;\">Desarrollo de habilidades de liderazgo.<\/span><\/li>\n<li><span style=\"font-family: helvetica;\">Gesti\u00f3n efectiva del cambio.<\/span><\/li>\n<\/ul>\n<h4><span style=\"font-family: helvetica;\"><strong>3. Coaching de Equipos<\/strong><\/span><\/h4>\n<ul>\n<li><span style=\"font-family: helvetica;\">Fortalecimiento de la colaboraci\u00f3n y comunicaci\u00f3n.<\/span><\/li>\n<li><span style=\"font-family: helvetica;\">Construcci\u00f3n de equipos de alto rendimiento.<\/span><\/li>\n<li><span style=\"font-family: helvetica;\">Resoluci\u00f3n de conflictos interpersonales.<\/span><\/li>\n<\/ul>\n<h4><span style=\"font-family: helvetica;\"><strong>4. Desarrollo de Competencias<\/strong><\/span><\/h4>\n<ul>\n<li><span style=\"font-family: helvetica;\">Identificaci\u00f3n y fortalecimiento de habilidades clave.<\/span><\/li>\n<li><span style=\"font-family: helvetica;\">Planificaci\u00f3n de desarrollo individual y grupal.<\/span><\/li>\n<li><span style=\"font-family: helvetica;\">Evaluaci\u00f3n de competencias y rendimiento.<\/span><\/li>\n<\/ul>\n<\/div>\n<\/div>\n<\/div>\n<\/div>\n<\/div><\/div><div id=\"panel-1460-1-0-2\" class=\"so-panel widget widget_sow-contact-form panel-last-child\" data-index=\"3\" ><div\n\t\t\t\n\t\t\tclass=\"so-widget-sow-contact-form so-widget-sow-contact-form-default-1dceae4ce411-1460\"\n\t\t\t\n\t\t><h3 class=\"widget-title\">Solicite informaci\u00f3n<\/h3>\t<form\n\t\taction=\"\/ini\/wp-json\/wp\/v2\/pages\/1460\"\n\t\tmethod=\"POST\"\n\t\tclass=\"sow-contact-form\"\n\t\tid=\"contact-form-ff5a\"\n\t>\n\n\t\t\n\t\t            <p><em>Los campos marcados con * son obligatorios<\/em><\/p>\n\t\t\t\t\t\t<div class=\"sow-form-field sow-form-field-name\">\n\t\t\t\t<label class=\"sow-form-field-label-above\" for=\"sow-contact-form-field-nombre-completo-1\">\n\t\t\t\t<strong>\n\t\t\t\t\tNombre completo\t\t\t\t\t\t\t\t\t\t\t<span class=\"sow-form-field-required\">*<\/span>\n\t\t\t\t\t\t\t\t\t<\/strong>\n\t\t\t<\/label>\n\t\t\t\t\t\t\t<div class=\"sow-field-container\">\n\t\t\t\t\t\t\t<input\n\t\t\ttype=\"text\"\n\t\t\tname=\"nombre-completo-1\"\n\t\t\tid=\"sow-contact-form-field-nombre-completo-1\"\n\t\t\tvalue=\"\"\n\t\t\tclass=\"sow-text-field\"\n\t\t\t\t\t\t\t\t\/>\n\t\t\t\t\t\t<\/div>\n\t\t\t\t\t\t\t<\/div>\n\t\t\t\t\t\t<div class=\"sow-form-field sow-form-field-email\">\n\t\t\t\t<label class=\"sow-form-field-label-above\" for=\"sow-contact-form-field-correo-electronico-1\">\n\t\t\t\t<strong>\n\t\t\t\t\tCorreo Electr\u00f3nico\t\t\t\t\t\t\t\t\t\t\t<span class=\"sow-form-field-required\">*<\/span>\n\t\t\t\t\t\t\t\t\t<\/strong>\n\t\t\t<\/label>\n\t\t\t\t\t\t\t<div class=\"sow-field-container\">\n\t\t\t\t\t\t\t<input\n\t\t\ttype=\"email\"\n\t\t\tname=\"correo-electronico-1\"\n\t\t\tid=\"sow-contact-form-field-correo-electronico-1\"\n\t\t\tvalue=\"\"\n\t\t\tclass=\"sow-text-field\"\t\t\t\t\t\t\t\t\/>\n\t\t\t\t\t\t<\/div>\n\t\t\t\t\t\t\t<\/div>\n\t\t\t\t\t\t<div class=\"sow-form-field sow-form-field-tel\">\n\t\t\t\t<label class=\"sow-form-field-label-above\" for=\"sow-contact-form-field-numero-telefonico-1\">\n\t\t\t\t<strong>\n\t\t\t\t\tN\u00famero telef\u00f3nico\t\t\t\t\t\t\t\t\t\t\t<span class=\"sow-form-field-required\">*<\/span>\n\t\t\t\t\t\t\t\t\t<\/strong>\n\t\t\t<\/label>\n\t\t\t\t\t\t\t<div class=\"sow-field-container\">\n\t\t\t\t\t\t\t<input\n\t\t\ttype=\"tel\"\n\t\t\tname=\"numero-telefonico-1\"\n\t\t\tid=\"sow-contact-form-field-numero-telefonico-1\"\n\t\t\tvalue=\"\"\n\t\t\tclass=\"sow-text-field\"\t\t\taria-describedby=\"sow-contact-form-field-numero-telefonico-1-description\" \t\t\t\t\t\/>\n\t\t\t\t\t\t\t\t<div\n\t\t\t\t\t\t\tclass=\"sow-form-field-description\"\n\t\t\t\t\t\t\tid=\"sow-contact-form-field-numero-telefonico-1-description\"\n\t\t\t\t\t\t>\n\t\t\t\t\t\t\t(C\u00f3digo)+N\u00famero\t\t\t\t\t\t<\/div>\n\t\t\t\t\t\t\t\t\t\t<\/div>\n\t\t\t\t\t\t\t<\/div>\n\t\t\t\t\t\t<div class=\"sow-form-field sow-form-field-checkboxes\">\n\t\t\t\t<label class=\"sow-form-field-label-above\" for=\"sow-contact-form-field-tipo-de-telefono-1\">\n\t\t\t\t<strong>\n\t\t\t\t\tTipo de tel\u00e9fono\t\t\t\t\t\t\t\t\t\t\t<span class=\"sow-form-field-required\">*<\/span>\n\t\t\t\t\t\t\t\t\t<\/strong>\n\t\t\t<\/label>\n\t\t\t\t\t\t\t<div class=\"sow-field-container\">\n\t\t\t\t\t\t\t\t<ul>\n\t\t\t\t\t\t\t\t\t\t\t\t\t\t<li>\n\t\t\t\t\t\t<input\n\t\t\t\t\t\t\ttype=\"checkbox\"\n\t\t\t\t\t\t\tvalue=\"Celular\"\n\t\t\t\t\t\t\tname=\"tipo-de-telefono-1[]\"\n\t\t\t\t\t\t\tid=\"sow-contact-form-field-tipo-de-telefono-1-0\"\n\t\t\t\t\t\t\t\t\t\t\t\t\t\t\t\t\t\t\t\t\/>\n\t\t\t\t\t\t<label for=\"sow-contact-form-field-tipo-de-telefono-1-0\">\n\t\t\t\t\t\t\tCelular\t\t\t\t\t\t<\/label>\n\t\t\t\t\t<\/li>\n\t\t\t\t\t\t\t\t\t\t\t\t\t\t<li>\n\t\t\t\t\t\t<input\n\t\t\t\t\t\t\ttype=\"checkbox\"\n\t\t\t\t\t\t\tvalue=\"Convencional\"\n\t\t\t\t\t\t\tname=\"tipo-de-telefono-1[]\"\n\t\t\t\t\t\t\tid=\"sow-contact-form-field-tipo-de-telefono-1-1\"\n\t\t\t\t\t\t\t\t\t\t\t\t\t\t\t\t\t\t\t\t\/>\n\t\t\t\t\t\t<label for=\"sow-contact-form-field-tipo-de-telefono-1-1\">\n\t\t\t\t\t\t\tConvencional\t\t\t\t\t\t<\/label>\n\t\t\t\t\t<\/li>\n\t\t\t\t\t\t\t<\/ul>\n\t\t\t\t\t\t<\/div>\n\t\t\t\t\t\t\t<\/div>\n\t\t\t\t\t\t<div class=\"sow-form-field sow-form-field-text\">\n\t\t\t\t<label class=\"sow-form-field-label-above\" for=\"sow-contact-form-field-pais-de-residencia-1\">\n\t\t\t\t<strong>\n\t\t\t\t\tPa\u00eds de Residencia\t\t\t\t\t\t\t\t\t\t\t<span class=\"sow-form-field-required\">*<\/span>\n\t\t\t\t\t\t\t\t\t<\/strong>\n\t\t\t<\/label>\n\t\t\t\t\t\t\t<div class=\"sow-field-container\">\n\t\t\t\t\t\t\t<input\n\t\t\ttype=\"text\"\n\t\t\tname=\"pais-de-residencia-1\"\n\t\t\tid=\"sow-contact-form-field-pais-de-residencia-1\"\n\t\t\tvalue=\"\"\n\t\t\tclass=\"sow-text-field\"\t\t\t\t\t\t\t\t\/>\n\t\t\t\t\t\t<\/div>\n\t\t\t\t\t\t\t<\/div>\n\t\t\t\n\t\t\n\t\t<div class=\"sow-submit-wrapper \n\t\tsow-submit-styled\t\t\">\n\n\t\t\t<button\n\t\t\t\ttype=\"submit\"\n\t\t\t\tclass=\"sow-submit\n\t\t\t\t\t\t\t\t\"\n\t\t\t\t\t\t\t>\n\t\t\t\tEnviar\t\t\t<\/button>\n\t\t<\/div>\n\t\t\t\t<input\n\t\t\ttype=\"hidden\"\n\t\t\tname=\"instance_hash-1\"\n\t\t\tvalue=\"ff5a5a64\"\n\t\t\/>\n\n\t\t<input type=\"hidden\" id=\"_wpnonce\" name=\"_wpnonce\" value=\"50f87bbf59\" \/><input type=\"hidden\" name=\"_wp_http_referer\" value=\"\/ini\/wp-json\/wp\/v2\/pages\/1460\" \/>\t<\/form>\n\t<\/div><\/div><\/div><\/div><\/div><\/div>","protected":false},"excerpt":{"rendered":"<p>Nuestros Servicios 1. Consultor\u00eda Organizacional An\u00e1lisis de estructuras y procesos. Estrategias de mejora de la eficiencia. Desarrollo de culturas organizacionales s\u00f3lidas. 2. Coaching Ejecutivo Acompa\u00f1amiento personalizado para l\u00edderes. Desarrollo de habilidades de liderazgo. Gesti\u00f3n efectiva del cambio. 3. Coaching de Equipos Fortalecimiento de la colaboraci\u00f3n y comunicaci\u00f3n. Construcci\u00f3n de equipos de alto rendimiento. Resoluci\u00f3n de &hellip; <a href=\"https:\/\/eleader.online\/ini\/servicios-empresariales\/\" title=\"Servicios Empresariales\" class=\"read-more\">Read More<\/a><\/p>\n","protected":false},"author":1,"featured_media":0,"parent":0,"menu_order":0,"comment_status":"closed","ping_status":"closed","template":"","meta":{"om_disable_all_campaigns":false,"_exactmetrics_skip_tracking":false,"_exactmetrics_sitenote_active":false,"_exactmetrics_sitenote_note":"","_exactmetrics_sitenote_category":0,"footnotes":""},"class_list":["post-1460","page","type-page","status-publish","hentry"],"yoast_head":"<!-- This site is optimized with the Yoast SEO plugin v27.0 - https:\/\/yoast.com\/product\/yoast-seo-wordpress\/ -->\n<title>Servicios Empresariales - Empowered Leader Institute<\/title>\n<meta name=\"robots\" content=\"index, follow, max-snippet:-1, max-image-preview:large, max-video-preview:-1\" \/>\n<link rel=\"canonical\" href=\"https:\/\/eleader.online\/ini\/servicios-empresariales\/\" \/>\n<meta property=\"og:locale\" content=\"es_ES\" \/>\n<meta property=\"og:type\" content=\"article\" \/>\n<meta property=\"og:title\" content=\"Servicios Empresariales - Empowered Leader Institute\" \/>\n<meta property=\"og:description\" content=\"Nuestros Servicios 1. Consultor\u00eda Organizacional An\u00e1lisis de estructuras y procesos. Estrategias de mejora de la eficiencia. Desarrollo de culturas organizacionales s\u00f3lidas. 2. Coaching Ejecutivo Acompa\u00f1amiento personalizado para l\u00edderes. Desarrollo de habilidades de liderazgo. Gesti\u00f3n efectiva del cambio. 3. Coaching de Equipos Fortalecimiento de la colaboraci\u00f3n y comunicaci\u00f3n. Construcci\u00f3n de equipos de alto rendimiento. Resoluci\u00f3n de [&hellip;]\" \/>\n<meta property=\"og:url\" content=\"https:\/\/eleader.online\/ini\/servicios-empresariales\/\" \/>\n<meta property=\"og:site_name\" content=\"Empowered Leader Institute\" \/>\n<meta property=\"article:publisher\" content=\"https:\/\/www.facebook.com\/institutoelider\" \/>\n<meta property=\"article:modified_time\" content=\"2023-12-19T06:17:34+00:00\" \/>\n<meta name=\"twitter:card\" content=\"summary_large_image\" \/>\n<meta name=\"twitter:site\" content=\"@empoderatelider\" \/>\n<meta name=\"twitter:label1\" content=\"Tiempo de lectura\" \/>\n\t<meta name=\"twitter:data1\" content=\"1 minuto\" \/>\n<script type=\"application\/ld+json\" class=\"yoast-schema-graph\">{\"@context\":\"https:\/\/schema.org\",\"@graph\":[{\"@type\":\"WebPage\",\"@id\":\"https:\/\/eleader.online\/ini\/servicios-empresariales\/\",\"url\":\"https:\/\/eleader.online\/ini\/servicios-empresariales\/\",\"name\":\"Servicios Empresariales - Empowered Leader Institute\",\"isPartOf\":{\"@id\":\"https:\/\/eleader.online\/ini\/#website\"},\"datePublished\":\"2023-12-19T06:09:15+00:00\",\"dateModified\":\"2023-12-19T06:17:34+00:00\",\"breadcrumb\":{\"@id\":\"https:\/\/eleader.online\/ini\/servicios-empresariales\/#breadcrumb\"},\"inLanguage\":\"es\",\"potentialAction\":[{\"@type\":\"ReadAction\",\"target\":[\"https:\/\/eleader.online\/ini\/servicios-empresariales\/\"]}]},{\"@type\":\"BreadcrumbList\",\"@id\":\"https:\/\/eleader.online\/ini\/servicios-empresariales\/#breadcrumb\",\"itemListElement\":[{\"@type\":\"ListItem\",\"position\":1,\"name\":\"Portada\",\"item\":\"https:\/\/eleader.online\/ini\/\"},{\"@type\":\"ListItem\",\"position\":2,\"name\":\"Servicios Empresariales\"}]},{\"@type\":\"WebSite\",\"@id\":\"https:\/\/eleader.online\/ini\/#website\",\"url\":\"https:\/\/eleader.online\/ini\/\",\"name\":\"ELEADER.ONLINE\",\"description\":\"Instituto Empoderate Lider\",\"publisher\":{\"@id\":\"https:\/\/eleader.online\/ini\/#organization\"},\"potentialAction\":[{\"@type\":\"SearchAction\",\"target\":{\"@type\":\"EntryPoint\",\"urlTemplate\":\"https:\/\/eleader.online\/ini\/?s={search_term_string}\"},\"query-input\":{\"@type\":\"PropertyValueSpecification\",\"valueRequired\":true,\"valueName\":\"search_term_string\"}}],\"inLanguage\":\"es\"},{\"@type\":\"Organization\",\"@id\":\"https:\/\/eleader.online\/ini\/#organization\",\"name\":\"EMPOWERED LEADER INSTITUTE\",\"url\":\"https:\/\/eleader.online\/ini\/\",\"logo\":{\"@type\":\"ImageObject\",\"inLanguage\":\"es\",\"@id\":\"https:\/\/eleader.online\/ini\/#\/schema\/logo\/image\/\",\"url\":\"https:\/\/eleader.online\/ini\/wp-content\/uploads\/2023\/06\/logo-eleader-azul-pequeno.png\",\"contentUrl\":\"https:\/\/eleader.online\/ini\/wp-content\/uploads\/2023\/06\/logo-eleader-azul-pequeno.png\",\"width\":100,\"height\":100,\"caption\":\"EMPOWERED LEADER INSTITUTE\"},\"image\":{\"@id\":\"https:\/\/eleader.online\/ini\/#\/schema\/logo\/image\/\"},\"sameAs\":[\"https:\/\/www.facebook.com\/institutoelider\",\"https:\/\/x.com\/empoderatelider\",\"https:\/\/www.linkedin.com\/company\/empoderateya\/\"]}]}<\/script>\n<!-- \/ Yoast SEO plugin. -->","yoast_head_json":{"title":"Servicios Empresariales - Empowered Leader Institute","robots":{"index":"index","follow":"follow","max-snippet":"max-snippet:-1","max-image-preview":"max-image-preview:large","max-video-preview":"max-video-preview:-1"},"canonical":"https:\/\/eleader.online\/ini\/servicios-empresariales\/","og_locale":"es_ES","og_type":"article","og_title":"Servicios Empresariales - Empowered Leader Institute","og_description":"Nuestros Servicios 1. Consultor\u00eda Organizacional An\u00e1lisis de estructuras y procesos. Estrategias de mejora de la eficiencia. Desarrollo de culturas organizacionales s\u00f3lidas. 2. Coaching Ejecutivo Acompa\u00f1amiento personalizado para l\u00edderes. Desarrollo de habilidades de liderazgo. Gesti\u00f3n efectiva del cambio. 3. Coaching de Equipos Fortalecimiento de la colaboraci\u00f3n y comunicaci\u00f3n. Construcci\u00f3n de equipos de alto rendimiento. Resoluci\u00f3n de [&hellip;]","og_url":"https:\/\/eleader.online\/ini\/servicios-empresariales\/","og_site_name":"Empowered Leader Institute","article_publisher":"https:\/\/www.facebook.com\/institutoelider","article_modified_time":"2023-12-19T06:17:34+00:00","twitter_card":"summary_large_image","twitter_site":"@empoderatelider","twitter_misc":{"Tiempo de lectura":"1 minuto"},"schema":{"@context":"https:\/\/schema.org","@graph":[{"@type":"WebPage","@id":"https:\/\/eleader.online\/ini\/servicios-empresariales\/","url":"https:\/\/eleader.online\/ini\/servicios-empresariales\/","name":"Servicios Empresariales - Empowered Leader Institute","isPartOf":{"@id":"https:\/\/eleader.online\/ini\/#website"},"datePublished":"2023-12-19T06:09:15+00:00","dateModified":"2023-12-19T06:17:34+00:00","breadcrumb":{"@id":"https:\/\/eleader.online\/ini\/servicios-empresariales\/#breadcrumb"},"inLanguage":"es","potentialAction":[{"@type":"ReadAction","target":["https:\/\/eleader.online\/ini\/servicios-empresariales\/"]}]},{"@type":"BreadcrumbList","@id":"https:\/\/eleader.online\/ini\/servicios-empresariales\/#breadcrumb","itemListElement":[{"@type":"ListItem","position":1,"name":"Portada","item":"https:\/\/eleader.online\/ini\/"},{"@type":"ListItem","position":2,"name":"Servicios Empresariales"}]},{"@type":"WebSite","@id":"https:\/\/eleader.online\/ini\/#website","url":"https:\/\/eleader.online\/ini\/","name":"ELEADER.ONLINE","description":"Instituto Empoderate Lider","publisher":{"@id":"https:\/\/eleader.online\/ini\/#organization"},"potentialAction":[{"@type":"SearchAction","target":{"@type":"EntryPoint","urlTemplate":"https:\/\/eleader.online\/ini\/?s={search_term_string}"},"query-input":{"@type":"PropertyValueSpecification","valueRequired":true,"valueName":"search_term_string"}}],"inLanguage":"es"},{"@type":"Organization","@id":"https:\/\/eleader.online\/ini\/#organization","name":"EMPOWERED LEADER INSTITUTE","url":"https:\/\/eleader.online\/ini\/","logo":{"@type":"ImageObject","inLanguage":"es","@id":"https:\/\/eleader.online\/ini\/#\/schema\/logo\/image\/","url":"https:\/\/eleader.online\/ini\/wp-content\/uploads\/2023\/06\/logo-eleader-azul-pequeno.png","contentUrl":"https:\/\/eleader.online\/ini\/wp-content\/uploads\/2023\/06\/logo-eleader-azul-pequeno.png","width":100,"height":100,"caption":"EMPOWERED LEADER INSTITUTE"},"image":{"@id":"https:\/\/eleader.online\/ini\/#\/schema\/logo\/image\/"},"sameAs":["https:\/\/www.facebook.com\/institutoelider","https:\/\/x.com\/empoderatelider","https:\/\/www.linkedin.com\/company\/empoderateya\/"]}]}},"_links":{"self":[{"href":"https:\/\/eleader.online\/ini\/wp-json\/wp\/v2\/pages\/1460","targetHints":{"allow":["GET"]}}],"collection":[{"href":"https:\/\/eleader.online\/ini\/wp-json\/wp\/v2\/pages"}],"about":[{"href":"https:\/\/eleader.online\/ini\/wp-json\/wp\/v2\/types\/page"}],"author":[{"embeddable":true,"href":"https:\/\/eleader.online\/ini\/wp-json\/wp\/v2\/users\/1"}],"replies":[{"embeddable":true,"href":"https:\/\/eleader.online\/ini\/wp-json\/wp\/v2\/comments?post=1460"}],"version-history":[{"count":6,"href":"https:\/\/eleader.online\/ini\/wp-json\/wp\/v2\/pages\/1460\/revisions"}],"predecessor-version":[{"id":1466,"href":"https:\/\/eleader.online\/ini\/wp-json\/wp\/v2\/pages\/1460\/revisions\/1466"}],"wp:attachment":[{"href":"https:\/\/eleader.online\/ini\/wp-json\/wp\/v2\/media?parent=1460"}],"curies":[{"name":"wp","href":"https:\/\/api.w.org\/{rel}","templated":true}]}}