{"id":1103,"date":"2023-06-20T22:44:51","date_gmt":"2023-06-21T05:44:51","guid":{"rendered":"https:\/\/eleader.online\/ini\/?page_id=1103"},"modified":"2023-06-20T22:45:51","modified_gmt":"2023-06-21T05:45:51","slug":"quienes-somos","status":"publish","type":"page","link":"https:\/\/eleader.online\/ini\/quienes-somos\/","title":{"rendered":"\u00bfQui\u00e9nes somos?"},"content":{"rendered":"<div id=\"pl-1103\"  class=\"panel-layout\" ><div id=\"pg-1103-0\"  class=\"panel-grid panel-has-style\" ><div style=\"background-position: center top; \" class=\"panel-row-style panel-row-style-for-1103-0\" ><div id=\"pgc-1103-0-0\"  class=\"panel-grid-cell panel-grid-cell-empty\" ><\/div><div id=\"pgc-1103-0-1\"  class=\"panel-grid-cell panel-grid-cell-mobile-last\" ><div id=\"panel-1103-0-1-0\" class=\"so-panel widget widget_sow-editor panel-first-child panel-last-child\" data-index=\"0\" ><div\n\t\t\t\n\t\t\tclass=\"so-widget-sow-editor so-widget-sow-editor-base\"\n\t\t\t\n\t\t>\n<div class=\"siteorigin-widget-tinymce textwidget\">\n\t<p style=\"text-align: center;\"><span style=\"font-family: arial black, avant garde; font-size: 18px;\"><strong>EMPOWERED LEADER INSTITUTE<\/strong><\/span><\/p>\n<p><span style=\"font-family: helvetica;\">Somos un instituto de formaci\u00f3n enfocado en liderazgo, coaching y neuro programaci\u00f3n. Existimos desde el a\u00f1o 2012 y hemos certificado profesionales de diversas disciplinas en Estados Unidos, Am\u00e9rica Latina y El Caribe. Adem\u00e1s tenemos todo un curr\u00edculo con cursos de formaci\u00f3n en diversas habilidades y competencias.<\/span><\/p>\n<p><span style=\"font-family: helvetica;\">Estamos radicados en Estados Unidos, con representaci\u00f3n directa en Costa Rica y M\u00e9xico.\u00a0 Igualmente, hemos sido acreditados por International Association of Coaching and Soft Skills de Suiza.<\/span><\/p>\n<p><span style=\"font-size: 21px; font-family: helvetica;\"><strong>Visi\u00f3n:<\/strong><\/span><\/p>\n<p><span style=\"font-family: helvetica;\">Como instituto es ser reconocidos como \u201cInfluencers\u201d en la formaci\u00f3n integral de profesionales en Estados Unidos, Am\u00e9rica Latina y El Caribe. Nos esforzamos por capacitar a individuos y organizaciones para alcanzar su m\u00e1ximo potencial a trav\u00e9s del desarrollo de habilidades de liderazgo, coaching y neuro programaci\u00f3n.<\/span><\/p>\n<p><span style=\"font-size: 21px; font-family: helvetica;\"><strong>Misi\u00f3n:<\/strong><\/span><\/p>\n<p><span style=\"font-family: helvetica;\">Nuestra misi\u00f3n es proporcionar una entrenamiento de calidad y de vanguardia en \u00e1reas fundamentales para el crecimiento personal y profesional. Nos dedicamos a brindar programas de capacitaci\u00f3n excepcionales \u00a0y actualizados generacionalmente, que permitan a nuestros usuarios adquirir conocimientos, habilidades y herramientas pr\u00e1cticas para \u00a0sobresalir en sus campos de acci\u00f3n.<\/span><\/p>\n<p><span style=\"font-family: helvetica;\"><strong>\u00a0<\/strong><\/span><span style=\"font-size: 21px; font-family: helvetica;\"><strong>Valores:<\/strong><\/span><\/p>\n<p><span style=\"font-family: helvetica;\"><strong><em>Excelencia:<\/em><\/strong> Nos esforzamos por la excelencia en todos los aspectos de nuestra labor de formaci\u00f3n. Buscamos constantemente la mejora y el perfeccionamiento de nuestros programas y servicios para brindar a nuestros estudiantes una experiencia de aprendizaje de primer nivel.<\/span><\/p>\n<p><span style=\"font-family: helvetica;\"><strong><em>Integridad:<\/em><\/strong> Valoramos la honestidad, la transparencia y la \u00e9tica en todo lo que hacemos. Fomentamos una cultura de integridad y responsabilidad en nuestra comunidad educativa y promovemos pr\u00e1cticas \u00e9ticas en el liderazgo, el coaching y la neuro programaci\u00f3n.<\/span><\/p>\n<p><span style=\"font-family: helvetica;\"><strong><em>Innovaci\u00f3n:<\/em><\/strong> Abrazamos el cambio y la innovaci\u00f3n como una forma de mantenernos a la vanguardia de los avances en el liderazgo, el coaching y la neuro programaci\u00f3n. Buscamos constantemente nuevas formas de mejorar nuestras metodolog\u00edas de ense\u00f1anza y adaptarnos a las necesidades cambiantes de nuestros estudiantes y clientes.<\/span><\/p>\n<p><span style=\"font-family: helvetica;\"><strong>Colaboraci\u00f3n:<\/strong> Valoramos la colaboraci\u00f3n y el trabajo en equipo como medios para lograr resultados excepcionales. Fomentamos un ambiente inclusivo y de apoyo donde todos los miembros de nuestra comunidad educativa pueden contribuir y crecer juntos.<\/span><\/p>\n<p><span style=\"font-family: helvetica;\"><strong>Impacto:<\/strong> Nos impulsa el deseo de generar un impacto positivo en la vida de nuestros estudiantes, clientes y la sociedad en general. Buscamos empoderar a las personas para que desarrollen su potencial y se conviertan en agentes de cambio en sus comunidades y organizaciones.<\/span><\/p>\n<p><span style=\"font-family: helvetica;\">Con m\u00e1s de una d\u00e9cada de experiencia Eleader Institute se enorgullece de ser una instituci\u00f3n l\u00edder en la formaci\u00f3n de individuos y organizaciones en estas \u00e1reas fundamentales. Adem\u00e1s, nuestra acreditaci\u00f3n por parte de la International IACASS respalda la calidad y el prestigio de nuestros programas.<\/span><\/p>\n<p><span style=\"font-family: helvetica;\">Nos comprometemos a seguir brindando una educaci\u00f3n excepcional y a empoderar a nuestros estudiantes para que logren el \u00e9xito en sus vidas personales y profesionales. Estamos dedicados a ser un faro de excelencia en la formaci\u00f3n y desarrollo de l\u00edderes, coaches y profesionales de la neuro programaci\u00f3n en todo el continente.<\/span><\/p>\n<\/div>\n<\/div><\/div><\/div><div id=\"pgc-1103-0-2\"  class=\"panel-grid-cell panel-grid-cell-empty\" ><\/div><\/div><\/div><\/div>","protected":false},"excerpt":{"rendered":"<p>EMPOWERED LEADER INSTITUTE Somos un instituto de formaci\u00f3n enfocado en liderazgo, coaching y neuro programaci\u00f3n. Existimos desde el a\u00f1o 2012 y hemos certificado profesionales de diversas disciplinas en Estados Unidos, Am\u00e9rica Latina y El Caribe. Adem\u00e1s tenemos todo un curr\u00edculo con cursos de formaci\u00f3n en diversas habilidades y competencias. Estamos radicados en Estados Unidos, con &hellip; <a href=\"https:\/\/eleader.online\/ini\/quienes-somos\/\" title=\"\u00bfQui\u00e9nes somos?\" class=\"read-more\">Read More<\/a><\/p>\n","protected":false},"author":1,"featured_media":0,"parent":0,"menu_order":0,"comment_status":"closed","ping_status":"closed","template":"page.php","meta":{"om_disable_all_campaigns":false,"_exactmetrics_skip_tracking":false,"_exactmetrics_sitenote_active":false,"_exactmetrics_sitenote_note":"","_exactmetrics_sitenote_category":0,"footnotes":""},"class_list":["post-1103","page","type-page","status-publish","hentry"],"yoast_head":"<!-- This site is optimized with the Yoast SEO plugin v27.0 - https:\/\/yoast.com\/product\/yoast-seo-wordpress\/ -->\n<title>\u00bfQui\u00e9nes somos? - Empowered Leader Institute<\/title>\n<meta name=\"robots\" content=\"index, follow, max-snippet:-1, max-image-preview:large, max-video-preview:-1\" \/>\n<link rel=\"canonical\" href=\"https:\/\/eleader.online\/ini\/quienes-somos\/\" \/>\n<meta property=\"og:locale\" content=\"es_ES\" \/>\n<meta property=\"og:type\" content=\"article\" \/>\n<meta property=\"og:title\" content=\"\u00bfQui\u00e9nes somos? - Empowered Leader Institute\" \/>\n<meta property=\"og:description\" content=\"EMPOWERED LEADER INSTITUTE Somos un instituto de formaci\u00f3n enfocado en liderazgo, coaching y neuro programaci\u00f3n. Existimos desde el a\u00f1o 2012 y hemos certificado profesionales de diversas disciplinas en Estados Unidos, Am\u00e9rica Latina y El Caribe. Adem\u00e1s tenemos todo un curr\u00edculo con cursos de formaci\u00f3n en diversas habilidades y competencias. Estamos radicados en Estados Unidos, con [&hellip;]\" \/>\n<meta property=\"og:url\" content=\"https:\/\/eleader.online\/ini\/quienes-somos\/\" \/>\n<meta property=\"og:site_name\" content=\"Empowered Leader Institute\" \/>\n<meta property=\"article:publisher\" content=\"https:\/\/www.facebook.com\/institutoelider\" \/>\n<meta property=\"article:modified_time\" content=\"2023-06-21T05:45:51+00:00\" \/>\n<meta name=\"twitter:card\" content=\"summary_large_image\" \/>\n<meta name=\"twitter:site\" content=\"@empoderatelider\" \/>\n<meta name=\"twitter:label1\" content=\"Tiempo de lectura\" \/>\n\t<meta name=\"twitter:data1\" content=\"3 minutos\" \/>\n<script type=\"application\/ld+json\" class=\"yoast-schema-graph\">{\"@context\":\"https:\/\/schema.org\",\"@graph\":[{\"@type\":\"WebPage\",\"@id\":\"https:\/\/eleader.online\/ini\/quienes-somos\/\",\"url\":\"https:\/\/eleader.online\/ini\/quienes-somos\/\",\"name\":\"\u00bfQui\u00e9nes somos? - Empowered Leader Institute\",\"isPartOf\":{\"@id\":\"https:\/\/eleader.online\/ini\/#website\"},\"datePublished\":\"2023-06-21T05:44:51+00:00\",\"dateModified\":\"2023-06-21T05:45:51+00:00\",\"breadcrumb\":{\"@id\":\"https:\/\/eleader.online\/ini\/quienes-somos\/#breadcrumb\"},\"inLanguage\":\"es\",\"potentialAction\":[{\"@type\":\"ReadAction\",\"target\":[\"https:\/\/eleader.online\/ini\/quienes-somos\/\"]}]},{\"@type\":\"BreadcrumbList\",\"@id\":\"https:\/\/eleader.online\/ini\/quienes-somos\/#breadcrumb\",\"itemListElement\":[{\"@type\":\"ListItem\",\"position\":1,\"name\":\"Portada\",\"item\":\"https:\/\/eleader.online\/ini\/\"},{\"@type\":\"ListItem\",\"position\":2,\"name\":\"\u00bfQui\u00e9nes somos?\"}]},{\"@type\":\"WebSite\",\"@id\":\"https:\/\/eleader.online\/ini\/#website\",\"url\":\"https:\/\/eleader.online\/ini\/\",\"name\":\"ELEADER.ONLINE\",\"description\":\"Instituto Empoderate Lider\",\"publisher\":{\"@id\":\"https:\/\/eleader.online\/ini\/#organization\"},\"potentialAction\":[{\"@type\":\"SearchAction\",\"target\":{\"@type\":\"EntryPoint\",\"urlTemplate\":\"https:\/\/eleader.online\/ini\/?s={search_term_string}\"},\"query-input\":{\"@type\":\"PropertyValueSpecification\",\"valueRequired\":true,\"valueName\":\"search_term_string\"}}],\"inLanguage\":\"es\"},{\"@type\":\"Organization\",\"@id\":\"https:\/\/eleader.online\/ini\/#organization\",\"name\":\"EMPOWERED LEADER INSTITUTE\",\"url\":\"https:\/\/eleader.online\/ini\/\",\"logo\":{\"@type\":\"ImageObject\",\"inLanguage\":\"es\",\"@id\":\"https:\/\/eleader.online\/ini\/#\/schema\/logo\/image\/\",\"url\":\"https:\/\/eleader.online\/ini\/wp-content\/uploads\/2023\/06\/logo-eleader-azul-pequeno.png\",\"contentUrl\":\"https:\/\/eleader.online\/ini\/wp-content\/uploads\/2023\/06\/logo-eleader-azul-pequeno.png\",\"width\":100,\"height\":100,\"caption\":\"EMPOWERED LEADER INSTITUTE\"},\"image\":{\"@id\":\"https:\/\/eleader.online\/ini\/#\/schema\/logo\/image\/\"},\"sameAs\":[\"https:\/\/www.facebook.com\/institutoelider\",\"https:\/\/x.com\/empoderatelider\",\"https:\/\/www.linkedin.com\/company\/empoderateya\/\"]}]}<\/script>\n<!-- \/ Yoast SEO plugin. -->","yoast_head_json":{"title":"\u00bfQui\u00e9nes somos? - Empowered Leader Institute","robots":{"index":"index","follow":"follow","max-snippet":"max-snippet:-1","max-image-preview":"max-image-preview:large","max-video-preview":"max-video-preview:-1"},"canonical":"https:\/\/eleader.online\/ini\/quienes-somos\/","og_locale":"es_ES","og_type":"article","og_title":"\u00bfQui\u00e9nes somos? - Empowered Leader Institute","og_description":"EMPOWERED LEADER INSTITUTE Somos un instituto de formaci\u00f3n enfocado en liderazgo, coaching y neuro programaci\u00f3n. Existimos desde el a\u00f1o 2012 y hemos certificado profesionales de diversas disciplinas en Estados Unidos, Am\u00e9rica Latina y El Caribe. Adem\u00e1s tenemos todo un curr\u00edculo con cursos de formaci\u00f3n en diversas habilidades y competencias. Estamos radicados en Estados Unidos, con [&hellip;]","og_url":"https:\/\/eleader.online\/ini\/quienes-somos\/","og_site_name":"Empowered Leader Institute","article_publisher":"https:\/\/www.facebook.com\/institutoelider","article_modified_time":"2023-06-21T05:45:51+00:00","twitter_card":"summary_large_image","twitter_site":"@empoderatelider","twitter_misc":{"Tiempo de lectura":"3 minutos"},"schema":{"@context":"https:\/\/schema.org","@graph":[{"@type":"WebPage","@id":"https:\/\/eleader.online\/ini\/quienes-somos\/","url":"https:\/\/eleader.online\/ini\/quienes-somos\/","name":"\u00bfQui\u00e9nes somos? - Empowered Leader Institute","isPartOf":{"@id":"https:\/\/eleader.online\/ini\/#website"},"datePublished":"2023-06-21T05:44:51+00:00","dateModified":"2023-06-21T05:45:51+00:00","breadcrumb":{"@id":"https:\/\/eleader.online\/ini\/quienes-somos\/#breadcrumb"},"inLanguage":"es","potentialAction":[{"@type":"ReadAction","target":["https:\/\/eleader.online\/ini\/quienes-somos\/"]}]},{"@type":"BreadcrumbList","@id":"https:\/\/eleader.online\/ini\/quienes-somos\/#breadcrumb","itemListElement":[{"@type":"ListItem","position":1,"name":"Portada","item":"https:\/\/eleader.online\/ini\/"},{"@type":"ListItem","position":2,"name":"\u00bfQui\u00e9nes somos?"}]},{"@type":"WebSite","@id":"https:\/\/eleader.online\/ini\/#website","url":"https:\/\/eleader.online\/ini\/","name":"ELEADER.ONLINE","description":"Instituto Empoderate Lider","publisher":{"@id":"https:\/\/eleader.online\/ini\/#organization"},"potentialAction":[{"@type":"SearchAction","target":{"@type":"EntryPoint","urlTemplate":"https:\/\/eleader.online\/ini\/?s={search_term_string}"},"query-input":{"@type":"PropertyValueSpecification","valueRequired":true,"valueName":"search_term_string"}}],"inLanguage":"es"},{"@type":"Organization","@id":"https:\/\/eleader.online\/ini\/#organization","name":"EMPOWERED LEADER INSTITUTE","url":"https:\/\/eleader.online\/ini\/","logo":{"@type":"ImageObject","inLanguage":"es","@id":"https:\/\/eleader.online\/ini\/#\/schema\/logo\/image\/","url":"https:\/\/eleader.online\/ini\/wp-content\/uploads\/2023\/06\/logo-eleader-azul-pequeno.png","contentUrl":"https:\/\/eleader.online\/ini\/wp-content\/uploads\/2023\/06\/logo-eleader-azul-pequeno.png","width":100,"height":100,"caption":"EMPOWERED LEADER INSTITUTE"},"image":{"@id":"https:\/\/eleader.online\/ini\/#\/schema\/logo\/image\/"},"sameAs":["https:\/\/www.facebook.com\/institutoelider","https:\/\/x.com\/empoderatelider","https:\/\/www.linkedin.com\/company\/empoderateya\/"]}]}},"_links":{"self":[{"href":"https:\/\/eleader.online\/ini\/wp-json\/wp\/v2\/pages\/1103","targetHints":{"allow":["GET"]}}],"collection":[{"href":"https:\/\/eleader.online\/ini\/wp-json\/wp\/v2\/pages"}],"about":[{"href":"https:\/\/eleader.online\/ini\/wp-json\/wp\/v2\/types\/page"}],"author":[{"embeddable":true,"href":"https:\/\/eleader.online\/ini\/wp-json\/wp\/v2\/users\/1"}],"replies":[{"embeddable":true,"href":"https:\/\/eleader.online\/ini\/wp-json\/wp\/v2\/comments?post=1103"}],"version-history":[{"count":2,"href":"https:\/\/eleader.online\/ini\/wp-json\/wp\/v2\/pages\/1103\/revisions"}],"predecessor-version":[{"id":1105,"href":"https:\/\/eleader.online\/ini\/wp-json\/wp\/v2\/pages\/1103\/revisions\/1105"}],"wp:attachment":[{"href":"https:\/\/eleader.online\/ini\/wp-json\/wp\/v2\/media?parent=1103"}],"curies":[{"name":"wp","href":"https:\/\/api.w.org\/{rel}","templated":true}]}}